{"id":3523,"date":"2016-03-15T16:35:43","date_gmt":"2016-03-15T15:35:43","guid":{"rendered":"http:\/\/www.aliassisi.it\/?page_id=3523"},"modified":"2024-09-24T09:22:29","modified_gmt":"2024-09-24T08:22:29","slug":"lorenzo-chiuchiu","status":"publish","type":"page","link":"https:\/\/aliassisi.it\/en\/lorenzo-chiuchiu\/","title":{"rendered":"Lorenzo Chiuchi\u00f9"},"content":{"rendered":"<p><\/p>\n<p style=\"text-align: justify;\"><span lang=\"en-US\">graduated in Aesthetics at the University of Florence under the supervision of Anna Giannatiempo Quinzio and Sergio Givone. He received a <\/span><span lang=\"en-US\">Ph.D in <\/span><span lang=\"en-US\"><i>Philosophy and Sciences of the Text<\/i><\/span><span lang=\"en-US\"> at the University of Siena.<\/span><span lang=\"en-US\"> He published essays on Hrabal,<\/span> Hoffmann, Camus, Char, Baudelaire, H\u00f6lderlin, Nietzsche, Bloch, De Angelis, Quinzio. <span lang=\"en-US\">He is a member of the editing committee of the review <\/span><span lang=\"en-US\"><i>Davar<\/i><\/span><i>. <\/i>He edited <span lang=\"en-US\">into Italian <\/span><span lang=\"en-US\"><i>M\u00e9taphysique chr\u00e9tienne et N\u00e9oplatonisme<\/i><\/span><span lang=\"en-US\"> (Gallimard) and <\/span><span lang=\"en-US\"><i>La d\u00e9votion \u00e0 la Croix<\/i><\/span><span lang=\"en-US\"> (Gallimard) by Albert Camus. <\/span>He <span lang=\"en-US\">edited and translated into Italian <\/span><span lang=\"en-US\"><i>Mallarm\u00e9, la lucidit\u00e9 et sa face d&#8217;ombre<\/i><\/span><span lang=\"en-US\"> by Jean-Paul Sartre (Gallimard). He published the <span class=\"suffix\">collection of essays <em>Atleti del fuoco<\/em> (Mimesis).<\/span> He published the books of poetry: <\/span><span lang=\"en-US\"><i>Iride incendio<\/i><\/span><span lang=\"en-US\"> (La Vita Felice), <\/span><span lang=\"en-US\"><i>Sorteggio<\/i><\/span><span lang=\"en-US\"> (Marietti 1820), <em>Le parti del grido<\/em> (Effigie). With Filippo Timi wrote the <em>pi\u00e8ce Archivio degli universi possibili<\/em>. He wrote the roman <em>Esecuzione dell&#8217;ultimo giorno<\/em> (Aguaplano). He published Res mystica, a study on Giorgio Colli\u00a0 (&#8220;Estetica. Studi e ricerche&#8221;, il Mulino, 2022).<br \/>\n<\/span><\/p>\n<p><a href=\"http:\/\/www.lorenzochiuchiu.it\"><span lang=\"en-US\">\u00a0<\/span>www.lorenzochiuchiu.it<\/a><\/p>\n<p><\/p>","protected":false},"excerpt":{"rendered":"<\/p>\n<p style=\"text-align: justify;\">graduated in Aesthetics at the University of Florence under the supervision of Anna Giannatiempo Quinzio and Sergio Givone. He received a Ph.D in Philosophy and Sciences of the Text at the University of Siena. He published essays &hellip; <a href=\"https:\/\/aliassisi.it\/en\/lorenzo-chiuchiu\/\">Continue reading <span class=\"meta-nav\">&rarr;<\/span><\/a><\/p>\n","protected":false},"author":1,"featured_media":0,"parent":0,"menu_order":0,"comment_status":"closed","ping_status":"closed","template":"","meta":[],"_links":{"self":[{"href":"https:\/\/aliassisi.it\/en\/wp-json\/wp\/v2\/pages\/3523"}],"collection":[{"href":"https:\/\/aliassisi.it\/en\/wp-json\/wp\/v2\/pages"}],"about":[{"href":"https:\/\/aliassisi.it\/en\/wp-json\/wp\/v2\/types\/page"}],"author":[{"embeddable":true,"href":"https:\/\/aliassisi.it\/en\/wp-json\/wp\/v2\/users\/1"}],"replies":[{"embeddable":true,"href":"https:\/\/aliassisi.it\/en\/wp-json\/wp\/v2\/comments?post=3523"}],"version-history":[{"count":13,"href":"https:\/\/aliassisi.it\/en\/wp-json\/wp\/v2\/pages\/3523\/revisions"}],"predecessor-version":[{"id":8092,"href":"https:\/\/aliassisi.it\/en\/wp-json\/wp\/v2\/pages\/3523\/revisions\/8092"}],"wp:attachment":[{"href":"https:\/\/aliassisi.it\/en\/wp-json\/wp\/v2\/media?parent=3523"}],"curies":[{"name":"wp","href":"https:\/\/api.w.org\/{rel}","templated":true}]}}