{"id":3258,"date":"2015-09-11T16:59:03","date_gmt":"2015-09-11T15:59:03","guid":{"rendered":"http:\/\/www.aliassisi.it\/?page_id=3258"},"modified":"2023-02-08T10:08:32","modified_gmt":"2023-02-08T09:08:32","slug":"method","status":"publish","type":"page","link":"https:\/\/aliassisi.it\/en\/method\/","title":{"rendered":"In italiano. Il corso"},"content":{"rendered":"<p><\/p>\n<div class=\"cms_textContntPage\" lang=\"it\">\n<div class=\"txt_page page_min_height\">\n<div class=\"clearBoth\">\u00a0<\/div>\n<div>\n<div class=\"cms_textContent\" style=\"text-align: justify;\"><a href=\"http:\/\/www.hoeplieditore.it\/scheda-libro\/chiuchiu-gaia-chiuchiu-angelo\/in-italiano-il-corso-9788820370350-4809.html\" target=\"_blank\" rel=\"noopener noreferrer\"><img class=\"alignleft\" src=\"http:\/\/media.hoeplieditore.it\/copertine\/hoepli\/in-italiano-il-corso-9788820370350.jpg\" alt=\"IN ITALIANO. IL CORSO. VOLUME 1\" width=\"300px\" align=\"right\" border=\"0\" hspace=\"15\" vspace=\"15\" \/><\/a> The first volume of <em><strong>In italiano. Il corso<\/strong><\/em> offers didactic material for 100-120 hours long lessons and individual study activities, and covers A1 and A2 levels of the Common European Framework of Reference for Languages. <\/p>\n<p>The volume is articulated in 7 chapters and each one is composed by two or more forms of 60-90 minutes lessons. Each form develops and consolidates the communicative, grammatical, lexical and cultural elements needed to communicate efficiently in day-to-day life situations. <br \/>\nEach path offers an introductory text, comprehension activities, oral exercises, exhaustive grammatical summaries, filling exercises regarding the micro functions, numerous listening and review activities. <br \/>\nThe chapter is completed by guided writing activities, subdivided in macro functions (to describe\/to narrate), cultural elements and some mock exams on the A1 and A2 levels. <\/p>\n<p>In the text is it possible to find some suggestions about further useful activities contained in the volume written by Angelo and Gaia Chiuchi\u00f9 Comunicare in italiano (Hoepli 2015). <\/p>\n<p><strong>Didactic articulation<\/strong> <\/p>\n<ul>\n<li><strong>Student\u2019s book<\/strong> subdivided in 7 chapters containing: grammar and lexicon; a section of activities; writing paths; culture papers.<\/li>\n<li><strong>CD-mp3<\/strong> (attached to the student\u2019s book) containing audio tracks dedicated to class activities.<\/li>\n<li><strong>eBook+<\/strong> (linked to the student\u2019s book) with: <br \/>\n<strong>audio tracks dedicated to the class activities<\/strong> contained in the volume; <br \/>\n<strong>introductory videos<\/strong> presenting communicative situations set in different contexts; <br \/>\n<strong>downloadable deepening files<\/strong>: photo gallery with exercises; further review exercises; Il mio portfolio where is it possible to transcribe and store up the texts; Cultura e Culture, to note down the characteristics of different cultures.<\/li>\n<\/ul>\n<p><strong>Online Resources <a href=\"http:\/\/www.hoepliscuola.it\">www.hoepliscuola.it<\/a> with<\/strong>: <\/p>\n<ul>\n<li>Transcription of the audio tracks whose text are not contained in the volume;<\/li>\n<li>Exercises keys;<\/li>\n<li>Translation of the tasks in different languages in the first and the second chapter;<\/li>\n<li>A teacher\u2019s book containing the description of the didactic paths;<\/li>\n<li>A class register downloadable in a PDF form, easy to fill in and to share with the colleagues.<\/li>\n<\/ul>\n<p>On the website <strong>www.hoepliscuola.it<\/strong> several fee-paying additional materials (didactic, deepening and complementary) linked to the course, constantly enriched and updated, are available.<\/div>\n<\/div>\n<\/div>\n<\/div>\n<p style=\"text-align: justify;\">\u00a0<\/p>\n<p style=\"text-align: justify;\">\u00a0 <img loading=\"lazy\" class=\"alignleft  wp-image-3433\" src=\"http:\/\/www.aliassisi.it\/wp-content\/uploads\/2015\/09\/1.png\" alt=\"-1\" width=\"192\" height=\"256\" srcset=\"https:\/\/aliassisi.it\/wp-content\/uploads\/2015\/09\/1.png 816w, https:\/\/aliassisi.it\/wp-content\/uploads\/2015\/09\/1-225x300.png 225w, https:\/\/aliassisi.it\/wp-content\/uploads\/2015\/09\/1-768x1024.png 768w\" sizes=\"(max-width: 192px) 100vw, 192px\" \/>\u00a0 <img loading=\"lazy\" class=\"alignleft  wp-image-3435\" src=\"http:\/\/www.aliassisi.it\/wp-content\/uploads\/2015\/09\/2.png\" alt=\"-2\" width=\"193\" height=\"257\" srcset=\"https:\/\/aliassisi.it\/wp-content\/uploads\/2015\/09\/2.png 816w, https:\/\/aliassisi.it\/wp-content\/uploads\/2015\/09\/2-225x300.png 225w, https:\/\/aliassisi.it\/wp-content\/uploads\/2015\/09\/2-768x1024.png 768w\" sizes=\"(max-width: 193px) 100vw, 193px\" \/>\u00a0\u00a0 <img loading=\"lazy\" class=\"alignleft  wp-image-3434\" src=\"http:\/\/www.aliassisi.it\/wp-content\/uploads\/2015\/09\/3.png\" alt=\"-3\" width=\"207\" height=\"272\" srcset=\"https:\/\/aliassisi.it\/wp-content\/uploads\/2015\/09\/3.png 826w, https:\/\/aliassisi.it\/wp-content\/uploads\/2015\/09\/3-228x300.png 228w, https:\/\/aliassisi.it\/wp-content\/uploads\/2015\/09\/3-777x1024.png 777w\" sizes=\"(max-width: 207px) 100vw, 207px\" \/><\/p>\n<p style=\"text-align: justify;\">\u00a0<\/p>\n<p style=\"text-align: justify;\">\u00a0<\/p>\n<p style=\"text-align: justify;\">\u00a0<\/p>\n<p style=\"text-align: justify;\">\u00a0<\/p>\n<p style=\"text-align: justify;\">\u00a0<\/p>\n<p style=\"text-align: justify;\">\u00a0<\/p>\n<p style=\"text-align: justify;\">\u00a0<\/p>\n<p><iframe src=\"https:\/\/www.youtube.com\/embed\/oVuojk1Gn74\" width=\"560\" height=\"315\" frameborder=\"0\" allowfullscreen=\"allowfullscreen\"><\/iframe><\/p>\n<ul>\n<li><a href=\"http:\/\/www.aliassisi.it\/wp-content\/uploads\/2015\/09\/CONSULTAZIONE1.pdf\" target=\"_blank\" rel=\"noopener noreferrer\">Guida alla consultazione<\/a><\/li>\n<li><a href=\"http:\/\/www.aliassisi.it\/wp-content\/uploads\/2015\/09\/INDICE.pdf\" target=\"_blank\" rel=\"noopener noreferrer\">Indice<\/a><\/li>\n<li><a href=\"http:\/\/www.aliassisi.it\/wp-content\/uploads\/2015\/09\/01_IN-ITALIANO_Il-CORSO-2.pdf\" target=\"_blank\" rel=\"noopener noreferrer\">Estratto (capitolo 1)<\/a><\/li>\n<li><a href=\"http:\/\/www.aliassisi.it\/wp-content\/uploads\/2015\/09\/01_Chiuchiu_CORSO-PORTOGHESE.pdf\" target=\"_blank\" rel=\"noopener noreferrer\">Gram\u00e1tica contrastiva italiano-portugu\u00eas: estrutura, l\u00e9xico e cultura<\/a><\/li>\n<\/ul>\n<p><\/p>","protected":false},"excerpt":{"rendered":"<\/p>\n<p> \u00a0 <a href=\"http:\/\/www.hoeplieditore.it\/scheda-libro\/chiuchiu-gaia-chiuchiu-angelo\/in-italiano-il-corso-9788820370350-4809.html\" target=\"_blank\" rel=\"noopener noreferrer\"><\/a> The first volume of In italiano. Il corso offers didactic material for 100-120 hours long lessons and individual study activities, and covers A1 and A2 levels of the Common European Framework of Reference &hellip; <a href=\"https:\/\/aliassisi.it\/en\/method\/\">Continue reading <span class=\"meta-nav\">&rarr;<\/span><\/a><\/p>\n","protected":false},"author":1,"featured_media":0,"parent":0,"menu_order":0,"comment_status":"closed","ping_status":"closed","template":"","meta":[],"_links":{"self":[{"href":"https:\/\/aliassisi.it\/en\/wp-json\/wp\/v2\/pages\/3258"}],"collection":[{"href":"https:\/\/aliassisi.it\/en\/wp-json\/wp\/v2\/pages"}],"about":[{"href":"https:\/\/aliassisi.it\/en\/wp-json\/wp\/v2\/types\/page"}],"author":[{"embeddable":true,"href":"https:\/\/aliassisi.it\/en\/wp-json\/wp\/v2\/users\/1"}],"replies":[{"embeddable":true,"href":"https:\/\/aliassisi.it\/en\/wp-json\/wp\/v2\/comments?post=3258"}],"version-history":[{"count":40,"href":"https:\/\/aliassisi.it\/en\/wp-json\/wp\/v2\/pages\/3258\/revisions"}],"predecessor-version":[{"id":6631,"href":"https:\/\/aliassisi.it\/en\/wp-json\/wp\/v2\/pages\/3258\/revisions\/6631"}],"wp:attachment":[{"href":"https:\/\/aliassisi.it\/en\/wp-json\/wp\/v2\/media?parent=3258"}],"curies":[{"name":"wp","href":"https:\/\/api.w.org\/{rel}","templated":true}]}}